{"id":4884,"date":"2023-01-19T09:30:52","date_gmt":"2023-01-19T14:30:52","guid":{"rendered":"https:\/\/www.fuerzayfigura.com\/nueva\/poleart\/?page_id=4884"},"modified":"2023-01-19T09:36:12","modified_gmt":"2023-01-19T14:36:12","slug":"categorias","status":"publish","type":"page","link":"https:\/\/www.fuerzayfigura.com\/poleart\/categorias\/","title":{"rendered":"Categor\u00edas"},"content":{"rendered":"<p>[vc_row content_placement=&#8221;middle&#8221; css=&#8221;.vc_custom_1673974255532{padding-top: 70px !important;padding-bottom: 40px !important;}&#8221;][vc_column][vc_custom_heading text=&#8221;Categor\u00edas&#8221; font_container=&#8221;tag:h2|font_size:2.125rem|text_align:center|line_height:1&#8243; use_theme_fonts=&#8221;yes&#8221; el_class=&#8221;mb-2&#8243;][vc_custom_heading text=&#8221;Pole Art&#8221; font_container=&#8221;tag:h5|font_size:1.5rem|text_align:center|color:%23f56d03|line_height:1.2&#8243; use_theme_fonts=&#8221;yes&#8221; font_weight=&#8221;500&#8243; letter_spacing=&#8221;-.025em&#8221; el_class=&#8221;m-b-md pb-4&#8243; css=&#8221;.vc_custom_1674138626707{border-bottom-width: 1px !important;border-bottom-color: #e7e7e7 !important;border-bottom-style: solid !important;}&#8221;][vc_column_text]<\/p>\n<p style=\"font-size: 11pt; text-align: justify; color: #606060;\">La categor\u00eda Pole Art busca crear una obra o performance con preferencia en la coreograf\u00eda, la interpretaci\u00f3n y la narraci\u00f3n, dirigida a artistas que en sus performances incorporan o fusionan el pole sport y el teatro con otro estilo de danza (Ejemplo: L\u00edrica, ballet, contempor\u00e1nea, jazz, folcl\u00f3rica, urbana, belly dance, bailes de sal\u00f3n, etc.), para crear una obra art\u00edstica.<\/p>\n<p style=\"font-size: 11pt; text-align: justify; color: #606060;\">Los competidores deber\u00e1n crear una performance que cuente una historia clara, haciendo uso de los recursos dram\u00e1ticos de actuaci\u00f3n, su capacidad histri\u00f3nica, la ejecuci\u00f3n t\u00e9cnica de movimientos de pole y movimientos elaborados de la t\u00e9cnica de danza elegida, que demuestren una interpretaci\u00f3n art\u00edstica en relaci\u00f3n a la historia a contar. Adem\u00e1s de presentar los elementos t\u00e9cnicos con musicalidad.<\/p>\n<p>[\/vc_column_text][vc_separator css=&#8221;.vc_custom_1674137405331{margin-top: 40px !important;margin-bottom: 40px !important;}&#8221;][vc_custom_heading text=&#8221;Pole Exotic<br \/>\n(Solo para mayoresde 18 a\u00f1os)&#8221; font_container=&#8221;tag:h5|font_size:1.5rem|text_align:center|color:%23f56d03|line_height:1.2&#8243; use_theme_fonts=&#8221;yes&#8221; font_weight=&#8221;500&#8243; letter_spacing=&#8221;-.025em&#8221; el_class=&#8221;m-b-md pb-4&#8243; css=&#8221;.vc_custom_1674138683519{border-bottom-width: 1px !important;border-bottom-color: #e7e7e7 !important;border-bottom-style: solid !important;}&#8221;][vc_column_text]<\/p>\n<p style=\"font-size: 11pt; text-align: justify; color: #606060;\">La divisi\u00f3n de Pole Exotic est\u00e1 enfocada en la danza y la muestra art\u00edstica, dirigida a artistas que en su performance exaltan la belleza y arte del Pole Dance con estilo sensual (no er\u00f3tico), enfocados en t\u00e9cnicas mixtas (sexy dance, floor work, etc.).<\/p>\n<p style=\"font-size: 11pt; text-align: justify; color: #606060;\">Los competidores deben usar tacos altos por lo menos una parte de la performance (m\u00ednimo 1 minuto). Esta divisi\u00f3n en ning\u00fan momento est\u00e1 ligada ni permite la desnudez, gestos, movimientos o ademanes de car\u00e1cter sexual.<\/p>\n<p>[\/vc_column_text][vc_separator css=&#8221;.vc_custom_1674137405331{margin-top: 40px !important;margin-bottom: 40px !important;}&#8221;][vc_custom_heading text=&#8221;Categor\u00edas de las Divisiones&#8221; font_container=&#8221;tag:h2|font_size:2.125rem|text_align:center|line_height:1&#8243; use_theme_fonts=&#8221;yes&#8221; el_class=&#8221;mb-2&#8243;][vc_custom_heading text=&#8221;Pole Art&#8221; font_container=&#8221;tag:h5|font_size:1.5rem|text_align:center|color:%23f56d03|line_height:1.2&#8243; use_theme_fonts=&#8221;yes&#8221; font_weight=&#8221;500&#8243; letter_spacing=&#8221;-.025em&#8221; el_class=&#8221;m-b-md pb-4&#8243; css=&#8221;.vc_custom_1674138762231{border-bottom-width: 1px !important;border-bottom-color: #e7e7e7 !important;border-bottom-style: solid !important;}&#8221;][vc_column_text]<\/p>\n<p style=\"font-size: 11pt; text-align: center; color: #606060;\">Junior &#8211; Amateur &#8211; Profesional &#8211; Dobles<\/p>\n<p>[\/vc_column_text][vc_custom_heading text=&#8221;Pole Exotic&#8221; font_container=&#8221;tag:h5|font_size:1.5rem|text_align:center|color:%23f56d03|line_height:1.2&#8243; use_theme_fonts=&#8221;yes&#8221; font_weight=&#8221;500&#8243; letter_spacing=&#8221;-.025em&#8221; el_class=&#8221;m-b-md pb-4&#8243; css=&#8221;.vc_custom_1674138821451{border-bottom-width: 1px !important;border-bottom-color: #e7e7e7 !important;border-bottom-style: solid !important;}&#8221;][vc_column_text]<\/p>\n<p style=\"font-size: 11pt; text-align: center; color: #606060;\">Profesional<\/p>\n<p>[\/vc_column_text][vc_btn title=&#8221;Mas informaci\u00f3n&#8221; size=&#8221;xl&#8221; align=&#8221;center&#8221; link=&#8221;url:https%3A%2F%2Fwww.fuerzayfigura.com%2Fpdf%2FCategor%25C3%25ADas_de_las_divisiones.pdf|title:Mas%20informaci%C3%B3n|target:_blank&#8221;][\/vc_column][\/vc_row]<\/p>\n","protected":false},"excerpt":{"rendered":"<p>[vc_row content_placement=&#8221;middle&#8221; css=&#8221;.vc_custom_1673974255532{padding-top: 70px !important;padding-bottom: 40px !important;}&#8221;][vc_column][vc_custom_heading text=&#8221;Categor\u00edas&#8221; font_container=&#8221;tag:h2|font_size:2.125rem|text_align:center|line_height:1&#8243; use_theme_fonts=&#8221;yes&#8221; el_class=&#8221;mb-2&#8243;][vc_custom_heading text=&#8221;Pole Art&#8221; font_container=&#8221;tag:h5|font_size:1.5rem|text_align:center|color:%23f56d03|line_height:1.2&#8243; use_theme_fonts=&#8221;yes&#8221; font_weight=&#8221;500&#8243; letter_spacing=&#8221;-.025em&#8221; el_class=&#8221;m-b-md pb-4&#8243; css=&#8221;.vc_custom_1674138626707{border-bottom-width: 1px !important;border-bottom-color: #e7e7e7 !important;border-bottom-style: solid !important;}&#8221;][vc_column_text] La categor\u00eda Pole Art busca crear una obra o performance con preferencia en la coreograf\u00eda, la interpretaci\u00f3n y la narraci\u00f3n, dirigida a artistas que en sus performances incorporan o [&hellip;]<\/p>\n","protected":false},"author":1,"featured_media":0,"parent":0,"menu_order":0,"comment_status":"closed","ping_status":"closed","template":"","meta":{"_joinchat":[],"footnotes":""},"class_list":["post-4884","page","type-page","status-publish","hentry"],"_links":{"self":[{"href":"https:\/\/www.fuerzayfigura.com\/poleart\/wp-json\/wp\/v2\/pages\/4884","targetHints":{"allow":["GET"]}}],"collection":[{"href":"https:\/\/www.fuerzayfigura.com\/poleart\/wp-json\/wp\/v2\/pages"}],"about":[{"href":"https:\/\/www.fuerzayfigura.com\/poleart\/wp-json\/wp\/v2\/types\/page"}],"author":[{"embeddable":true,"href":"https:\/\/www.fuerzayfigura.com\/poleart\/wp-json\/wp\/v2\/users\/1"}],"replies":[{"embeddable":true,"href":"https:\/\/www.fuerzayfigura.com\/poleart\/wp-json\/wp\/v2\/comments?post=4884"}],"version-history":[{"count":7,"href":"https:\/\/www.fuerzayfigura.com\/poleart\/wp-json\/wp\/v2\/pages\/4884\/revisions"}],"predecessor-version":[{"id":4891,"href":"https:\/\/www.fuerzayfigura.com\/poleart\/wp-json\/wp\/v2\/pages\/4884\/revisions\/4891"}],"wp:attachment":[{"href":"https:\/\/www.fuerzayfigura.com\/poleart\/wp-json\/wp\/v2\/media?parent=4884"}],"curies":[{"name":"wp","href":"https:\/\/api.w.org\/{rel}","templated":true}]}}